{"id":7474,"date":"2021-01-25T10:19:11","date_gmt":"2021-01-25T10:19:11","guid":{"rendered":"https:\/\/madesign.es\/guia-de-cuidados\/"},"modified":"2021-01-25T10:19:12","modified_gmt":"2021-01-25T10:19:12","slug":"guia-de-cuidados","status":"publish","type":"page","link":"https:\/\/madesign.es\/en\/guia-de-cuidados\/","title":{"rendered":"Gu\u00eda de cuidados"},"content":{"rendered":"\t\t<div data-elementor-type=\"wp-post\" data-elementor-id=\"7474\" class=\"elementor elementor-7474 elementor-4482\" data-elementor-post-type=\"page\">\n\t\t\t\t\t\t<section class=\"elementor-section elementor-top-section elementor-element elementor-element-b0b4987 elementor-section-boxed elementor-section-height-default elementor-section-height-default\" data-id=\"b0b4987\" data-element_type=\"section\">\n\t\t\t\t\t\t<div class=\"elementor-container elementor-column-gap-default\">\n\t\t\t\t\t<div class=\"elementor-column elementor-col-100 elementor-top-column elementor-element elementor-element-b894995\" data-id=\"b894995\" data-element_type=\"column\">\n\t\t\t<div class=\"elementor-widget-wrap elementor-element-populated\">\n\t\t\t\t\t\t<div class=\"elementor-element elementor-element-5a7f9aa elementor-widget elementor-widget-woocommerce-breadcrumb\" data-id=\"5a7f9aa\" data-element_type=\"widget\" data-widget_type=\"woocommerce-breadcrumb.default\">\n\t\t\t\t<div class=\"elementor-widget-container\">\n\t\t\t<nav class=\"woocommerce-breadcrumb\" aria-label=\"Breadcrumb\">Home<\/nav>\t\t<\/div>\n\t\t\t\t<\/div>\n\t\t\t\t\t<\/div>\n\t\t<\/div>\n\t\t\t\t\t<\/div>\n\t\t<\/section>\n\t\t\t\t<section class=\"elementor-section elementor-top-section elementor-element elementor-element-2f37555 elementor-section-content-top elementor-section-boxed elementor-section-height-default elementor-section-height-default\" data-id=\"2f37555\" data-element_type=\"section\" data-settings=\"{&quot;background_background&quot;:&quot;classic&quot;}\">\n\t\t\t\t\t\t<div class=\"elementor-container elementor-column-gap-wider\">\n\t\t\t\t\t<div class=\"elementor-column elementor-col-50 elementor-top-column elementor-element elementor-element-f6723f7\" data-id=\"f6723f7\" data-element_type=\"column\">\n\t\t\t<div class=\"elementor-widget-wrap elementor-element-populated\">\n\t\t\t\t\t\t<div class=\"elementor-element elementor-element-db9876c elementor-widget elementor-widget-spacer\" data-id=\"db9876c\" data-element_type=\"widget\" data-widget_type=\"spacer.default\">\n\t\t\t\t<div class=\"elementor-widget-container\">\n\t\t\t\t\t<div class=\"elementor-spacer\">\n\t\t\t<div class=\"elementor-spacer-inner\"><\/div>\n\t\t<\/div>\n\t\t\t\t<\/div>\n\t\t\t\t<\/div>\n\t\t\t\t<div class=\"elementor-element elementor-element-1f054cc elementor-widget elementor-widget-heading\" data-id=\"1f054cc\" data-element_type=\"widget\" data-widget_type=\"heading.default\">\n\t\t\t\t<div class=\"elementor-widget-container\">\n\t\t\t<h5 class=\"elementor-heading-title elementor-size-default\">Gu\u00eda de cuidados para joyer\u00eda<\/h5>\t\t<\/div>\n\t\t\t\t<\/div>\n\t\t\t\t<div class=\"elementor-element elementor-element-9101657 elementor-widget elementor-widget-spacer\" data-id=\"9101657\" data-element_type=\"widget\" data-widget_type=\"spacer.default\">\n\t\t\t\t<div class=\"elementor-widget-container\">\n\t\t\t\t\t<div class=\"elementor-spacer\">\n\t\t\t<div class=\"elementor-spacer-inner\"><\/div>\n\t\t<\/div>\n\t\t\t\t<\/div>\n\t\t\t\t<\/div>\n\t\t\t\t<div class=\"elementor-element elementor-element-0c9e71f elementor-widget elementor-widget-text-editor\" data-id=\"0c9e71f\" data-element_type=\"widget\" data-widget_type=\"text-editor.default\">\n\t\t\t\t<div class=\"elementor-widget-container\">\n\t\t\t\t\t\t\t<p><span style=\"color: #000000;\">Tu pieza MA ha sido creada en Espa\u00f1a con materiales 100% naturales de primera calidad. \u00c9sta, mantendr\u00e1 sus cualidades si no se expone directamente a fuertes de luz y calor, y si se almacena individualmente en su embalaje original o dentro de un pa\u00f1o suave. Trata de guardar tus cadenas cerradas y en plano para evitar que se enreden.<\/span><\/p>\n<p><span style=\"color: #000000;\">Evita el contacto directo y excesivo con agua, aceites, perfumes, cremas o cosm\u00e9ticos ya que estos pueden hacer que las joyas pierdan su brillo o se oscurezcan. Tras cada uso, limpia delicadamente con un trapo suave la pieza para eliminar la suciedad.<\/span><\/p>\n<p><span style=\"color: #000000;\">Recomendamos no llevar ninguna pieza puesta para realizar cualquier actividad f\u00edsica. Tampoco al acostarse. No recomendamos llevarlo puesto en la ducha, piscina <\/span><br \/><span style=\"color: #000000;\">o en el mar.<\/span><\/p>\n<p><span style=\"color: #000000;\">Comprueba con regularidad que todas las fijaciones y sistemas de cierre est\u00e1n en buen estado y funcionan correctamente.<\/span><\/p>\n<p><span style=\"color: #000000;\">Para cualquier pregunta no dudes en ponerte en contacto con nosotros mediante <a style=\"color: #000000;\" href=\"mailto:soporte@madesign.es\">soporte@madesign.es<\/a>. Estaremos encantados de atenderte e informarte.<\/span><\/p>\n\t\t\t\t\t\t<\/div>\n\t\t\t\t<\/div>\n\t\t\t\t<div class=\"elementor-element elementor-element-cc71c4f elementor-widget elementor-widget-spacer\" data-id=\"cc71c4f\" data-element_type=\"widget\" data-widget_type=\"spacer.default\">\n\t\t\t\t<div class=\"elementor-widget-container\">\n\t\t\t\t\t<div class=\"elementor-spacer\">\n\t\t\t<div class=\"elementor-spacer-inner\"><\/div>\n\t\t<\/div>\n\t\t\t\t<\/div>\n\t\t\t\t<\/div>\n\t\t\t\t<div class=\"elementor-element elementor-element-42d2b3b elementor-widget elementor-widget-heading\" data-id=\"42d2b3b\" data-element_type=\"widget\" data-widget_type=\"heading.default\">\n\t\t\t\t<div class=\"elementor-widget-container\">\n\t\t\t<h5 class=\"elementor-heading-title elementor-size-default\">Gu\u00eda de cuidados para seda<\/h5>\t\t<\/div>\n\t\t\t\t<\/div>\n\t\t\t\t<div class=\"elementor-element elementor-element-6fb7143 elementor-widget elementor-widget-spacer\" data-id=\"6fb7143\" data-element_type=\"widget\" data-widget_type=\"spacer.default\">\n\t\t\t\t<div class=\"elementor-widget-container\">\n\t\t\t\t\t<div class=\"elementor-spacer\">\n\t\t\t<div class=\"elementor-spacer-inner\"><\/div>\n\t\t<\/div>\n\t\t\t\t<\/div>\n\t\t\t\t<\/div>\n\t\t\t\t<div class=\"elementor-element elementor-element-f8e1d52 elementor-widget elementor-widget-text-editor\" data-id=\"f8e1d52\" data-element_type=\"widget\" data-widget_type=\"text-editor.default\">\n\t\t\t\t<div class=\"elementor-widget-container\">\n\t\t\t\t\t\t\t<p><span style=\"color: #000000;\">Tu pa\u00f1uelo MA ha sido elaborado en Espa\u00f1a con materiales de alta calidad 100% naturales. Recomendamos tener especial cuidado con el producto para que conserve sus cualidades originales.<\/span><\/p>\n<p><span style=\"color: #000000;\">Tu pa\u00f1uelo MA mantendr\u00e1 sus cualidades si no se expone directamente a fuentes de luz y calor y se almacena en su embalaje originar o envuelto en papel de seda en un lugar oscuro y seco.<\/span><\/p>\n<p><span style=\"color: #000000;\">Evita el contacto excesivo con perfumes, aceites o cosm\u00e9ticos. Evite el contacto directo con joyas que puedan rasgar o da\u00f1ar el material. Siga siempre nuestras instrucciones de cuidado.<\/span><\/p>\n<p><span style=\"color: #000000;\">Para cualquier pregunta no dudes en ponerte en contacto con nosotros mediante <a style=\"color: #000000;\" href=\"mailto:soporte@madesign.es\">soporte@madesign.es<\/a>. Estaremos encantados de atenderte e informarte.<\/span><\/p>\n\t\t\t\t\t\t<\/div>\n\t\t\t\t<\/div>\n\t\t\t\t<div class=\"elementor-element elementor-element-c73f25a elementor-widget elementor-widget-spacer\" data-id=\"c73f25a\" data-element_type=\"widget\" data-widget_type=\"spacer.default\">\n\t\t\t\t<div class=\"elementor-widget-container\">\n\t\t\t\t\t<div class=\"elementor-spacer\">\n\t\t\t<div class=\"elementor-spacer-inner\"><\/div>\n\t\t<\/div>\n\t\t\t\t<\/div>\n\t\t\t\t<\/div>\n\t\t\t\t<div class=\"elementor-element elementor-element-11bf108 elementor-widget elementor-widget-spacer\" data-id=\"11bf108\" data-element_type=\"widget\" data-widget_type=\"spacer.default\">\n\t\t\t\t<div class=\"elementor-widget-container\">\n\t\t\t\t\t<div class=\"elementor-spacer\">\n\t\t\t<div class=\"elementor-spacer-inner\"><\/div>\n\t\t<\/div>\n\t\t\t\t<\/div>\n\t\t\t\t<\/div>\n\t\t\t\t\t<\/div>\n\t\t<\/div>\n\t\t\t\t<div class=\"elementor-column elementor-col-50 elementor-top-column elementor-element elementor-element-fad0c04\" data-id=\"fad0c04\" data-element_type=\"column\" data-settings=\"{&quot;background_background&quot;:&quot;classic&quot;}\">\n\t\t\t<div class=\"elementor-widget-wrap\">\n\t\t\t\t\t\t\t<\/div>\n\t\t<\/div>\n\t\t\t\t\t<\/div>\n\t\t<\/section>\n\t\t\t\t<\/div>\n\t\t","protected":false},"excerpt":{"rendered":"<p>Gu\u00eda de cuidados para joyer\u00eda Tu pieza MA ha sido creada en Espa\u00f1a con materiales 100% naturales de primera calidad. \u00c9sta, mantendr\u00e1 sus cualidades si no se expone directamente a fuertes de luz y calor, y si se almacena individualmente en su embalaje original o dentro de un pa\u00f1o suave. Trata de guardar tus cadenas [&hellip;]<\/p>\n","protected":false},"author":1,"featured_media":0,"parent":0,"menu_order":0,"comment_status":"closed","ping_status":"closed","template":"","meta":{"footnotes":""},"class_list":["post-7474","page","type-page","status-publish","hentry"],"yoast_head":"<!-- This site is optimized with the Yoast SEO plugin v23.9 - https:\/\/yoast.com\/wordpress\/plugins\/seo\/ -->\n<title>Gu\u00eda de cuidados - MA<\/title>\n<meta name=\"robots\" content=\"index, follow, max-snippet:-1, max-image-preview:large, max-video-preview:-1\" \/>\n<link rel=\"canonical\" href=\"https:\/\/madesign.es\/en\/guia-de-cuidados\/\" \/>\n<meta property=\"og:locale\" content=\"en_US\" \/>\n<meta property=\"og:type\" content=\"article\" \/>\n<meta property=\"og:title\" content=\"Gu\u00eda de cuidados - MA\" \/>\n<meta property=\"og:description\" content=\"Gu\u00eda de cuidados para joyer\u00eda Tu pieza MA ha sido creada en Espa\u00f1a con materiales 100% naturales de primera calidad. \u00c9sta, mantendr\u00e1 sus cualidades si no se expone directamente a fuertes de luz y calor, y si se almacena individualmente en su embalaje original o dentro de un pa\u00f1o suave. Trata de guardar tus cadenas [&hellip;]\" \/>\n<meta property=\"og:url\" content=\"https:\/\/madesign.es\/en\/guia-de-cuidados\/\" \/>\n<meta property=\"og:site_name\" content=\"MA\" \/>\n<meta property=\"article:modified_time\" content=\"2021-01-25T10:19:12+00:00\" \/>\n<meta name=\"twitter:card\" content=\"summary_large_image\" \/>\n<meta name=\"twitter:label1\" content=\"Est. reading time\" \/>\n\t<meta name=\"twitter:data1\" content=\"2 minutes\" \/>\n<script type=\"application\/ld+json\" class=\"yoast-schema-graph\">{\"@context\":\"https:\/\/schema.org\",\"@graph\":[{\"@type\":\"WebPage\",\"@id\":\"https:\/\/madesign.es\/en\/guia-de-cuidados\/\",\"url\":\"https:\/\/madesign.es\/en\/guia-de-cuidados\/\",\"name\":\"Gu\u00eda de cuidados - MA\",\"isPartOf\":{\"@id\":\"https:\/\/madesign.es\/#website\"},\"datePublished\":\"2021-01-25T10:19:11+00:00\",\"dateModified\":\"2021-01-25T10:19:12+00:00\",\"breadcrumb\":{\"@id\":\"https:\/\/madesign.es\/en\/guia-de-cuidados\/#breadcrumb\"},\"inLanguage\":\"en-US\",\"potentialAction\":[{\"@type\":\"ReadAction\",\"target\":[\"https:\/\/madesign.es\/en\/guia-de-cuidados\/\"]}]},{\"@type\":\"BreadcrumbList\",\"@id\":\"https:\/\/madesign.es\/en\/guia-de-cuidados\/#breadcrumb\",\"itemListElement\":[{\"@type\":\"ListItem\",\"position\":1,\"name\":\"Portada\",\"item\":\"https:\/\/madesign.es\/\"},{\"@type\":\"ListItem\",\"position\":2,\"name\":\"Gu\u00eda de cuidados\"}]},{\"@type\":\"WebSite\",\"@id\":\"https:\/\/madesign.es\/#website\",\"url\":\"https:\/\/madesign.es\/\",\"name\":\"MA\",\"description\":\"Pa\u00f1uelos de seda y joyas\",\"publisher\":{\"@id\":\"https:\/\/madesign.es\/#organization\"},\"potentialAction\":[{\"@type\":\"SearchAction\",\"target\":{\"@type\":\"EntryPoint\",\"urlTemplate\":\"https:\/\/madesign.es\/?s={search_term_string}\"},\"query-input\":{\"@type\":\"PropertyValueSpecification\",\"valueRequired\":true,\"valueName\":\"search_term_string\"}}],\"inLanguage\":\"en-US\"},{\"@type\":\"Organization\",\"@id\":\"https:\/\/madesign.es\/#organization\",\"name\":\"MA\",\"url\":\"https:\/\/madesign.es\/\",\"logo\":{\"@type\":\"ImageObject\",\"inLanguage\":\"en-US\",\"@id\":\"https:\/\/madesign.es\/#\/schema\/logo\/image\/\",\"url\":\"https:\/\/madesign.es\/wp-content\/uploads\/2019\/12\/cropped-Logo-Ma-design-movil.png\",\"contentUrl\":\"https:\/\/madesign.es\/wp-content\/uploads\/2019\/12\/cropped-Logo-Ma-design-movil.png\",\"width\":1708,\"height\":1281,\"caption\":\"MA\"},\"image\":{\"@id\":\"https:\/\/madesign.es\/#\/schema\/logo\/image\/\"}}]}<\/script>\n<!-- \/ Yoast SEO plugin. -->","yoast_head_json":{"title":"Gu\u00eda de cuidados - MA","robots":{"index":"index","follow":"follow","max-snippet":"max-snippet:-1","max-image-preview":"max-image-preview:large","max-video-preview":"max-video-preview:-1"},"canonical":"https:\/\/madesign.es\/en\/guia-de-cuidados\/","og_locale":"en_US","og_type":"article","og_title":"Gu\u00eda de cuidados - MA","og_description":"Gu\u00eda de cuidados para joyer\u00eda Tu pieza MA ha sido creada en Espa\u00f1a con materiales 100% naturales de primera calidad. \u00c9sta, mantendr\u00e1 sus cualidades si no se expone directamente a fuertes de luz y calor, y si se almacena individualmente en su embalaje original o dentro de un pa\u00f1o suave. Trata de guardar tus cadenas [&hellip;]","og_url":"https:\/\/madesign.es\/en\/guia-de-cuidados\/","og_site_name":"MA","article_modified_time":"2021-01-25T10:19:12+00:00","twitter_card":"summary_large_image","twitter_misc":{"Est. reading time":"2 minutes"},"schema":{"@context":"https:\/\/schema.org","@graph":[{"@type":"WebPage","@id":"https:\/\/madesign.es\/en\/guia-de-cuidados\/","url":"https:\/\/madesign.es\/en\/guia-de-cuidados\/","name":"Gu\u00eda de cuidados - MA","isPartOf":{"@id":"https:\/\/madesign.es\/#website"},"datePublished":"2021-01-25T10:19:11+00:00","dateModified":"2021-01-25T10:19:12+00:00","breadcrumb":{"@id":"https:\/\/madesign.es\/en\/guia-de-cuidados\/#breadcrumb"},"inLanguage":"en-US","potentialAction":[{"@type":"ReadAction","target":["https:\/\/madesign.es\/en\/guia-de-cuidados\/"]}]},{"@type":"BreadcrumbList","@id":"https:\/\/madesign.es\/en\/guia-de-cuidados\/#breadcrumb","itemListElement":[{"@type":"ListItem","position":1,"name":"Portada","item":"https:\/\/madesign.es\/"},{"@type":"ListItem","position":2,"name":"Gu\u00eda de cuidados"}]},{"@type":"WebSite","@id":"https:\/\/madesign.es\/#website","url":"https:\/\/madesign.es\/","name":"MA","description":"Pa\u00f1uelos de seda y joyas","publisher":{"@id":"https:\/\/madesign.es\/#organization"},"potentialAction":[{"@type":"SearchAction","target":{"@type":"EntryPoint","urlTemplate":"https:\/\/madesign.es\/?s={search_term_string}"},"query-input":{"@type":"PropertyValueSpecification","valueRequired":true,"valueName":"search_term_string"}}],"inLanguage":"en-US"},{"@type":"Organization","@id":"https:\/\/madesign.es\/#organization","name":"MA","url":"https:\/\/madesign.es\/","logo":{"@type":"ImageObject","inLanguage":"en-US","@id":"https:\/\/madesign.es\/#\/schema\/logo\/image\/","url":"https:\/\/madesign.es\/wp-content\/uploads\/2019\/12\/cropped-Logo-Ma-design-movil.png","contentUrl":"https:\/\/madesign.es\/wp-content\/uploads\/2019\/12\/cropped-Logo-Ma-design-movil.png","width":1708,"height":1281,"caption":"MA"},"image":{"@id":"https:\/\/madesign.es\/#\/schema\/logo\/image\/"}}]}},"_links":{"self":[{"href":"https:\/\/madesign.es\/en\/wp-json\/wp\/v2\/pages\/7474"}],"collection":[{"href":"https:\/\/madesign.es\/en\/wp-json\/wp\/v2\/pages"}],"about":[{"href":"https:\/\/madesign.es\/en\/wp-json\/wp\/v2\/types\/page"}],"author":[{"embeddable":true,"href":"https:\/\/madesign.es\/en\/wp-json\/wp\/v2\/users\/1"}],"replies":[{"embeddable":true,"href":"https:\/\/madesign.es\/en\/wp-json\/wp\/v2\/comments?post=7474"}],"version-history":[{"count":0,"href":"https:\/\/madesign.es\/en\/wp-json\/wp\/v2\/pages\/7474\/revisions"}],"wp:attachment":[{"href":"https:\/\/madesign.es\/en\/wp-json\/wp\/v2\/media?parent=7474"}],"curies":[{"name":"wp","href":"https:\/\/api.w.org\/{rel}","templated":true}]}}